{"id":2,"date":"2016-05-10T03:48:21","date_gmt":"2016-05-10T03:48:21","guid":{"rendered":"https:\/\/alquileresautocaravanasvalencia.es\/?page_id=2"},"modified":"2026-04-04T08:47:13","modified_gmt":"2026-04-04T08:47:13","slug":"alquiler-de-autocaravanas","status":"publish","type":"page","link":"https:\/\/alquileresautocaravanasvalencia.es\/es\/","title":{"rendered":"Alquiler de autocaravanas"},"content":{"rendered":"<p>\u00bfPor qu\u00e9 alquilar con nosotros?<br \/>icon<\/p>\n<p>+ 7 a\u00f1os de experiencia<br \/>h4<br \/>icon-lamp<br \/><img decoding=\"async\" src=\"https:\/\/alquileresautocaravanasvalencia.es\/wp-content\/uploads\/2021\/06\/medalla.png\" alt=\"medalla\" \/><br \/>top<\/p>\n<p>Empesa familiar y flexible<br \/>h4<br \/>icon-lamp<br \/><img decoding=\"async\" src=\"https:\/\/alquileresautocaravanasvalencia.es\/wp-content\/uploads\/2021\/06\/familia-3.png\" alt=\"familia-3\" \/><br \/>top<\/p>\n<p>Entrega los 365 d\u00edas del a\u00f1o<br \/>h4<br \/>icon-lamp<br \/><img decoding=\"async\" src=\"https:\/\/alquileresautocaravanasvalencia.es\/wp-content\/uploads\/2021\/06\/caravana.png\" alt=\"caravana\" \/><br \/>top<\/p>\n<p>\u00a1Mejor precio garantizado!<br \/>h4<br \/>icon-lamp<br \/><img decoding=\"async\" src=\"https:\/\/alquileresautocaravanasvalencia.es\/wp-content\/uploads\/2021\/06\/euro-2.png\" alt=\"euro-2\" \/><br \/>top<\/p>\n<p>Equipaci\u00f3n completa (opcional)<br \/>h4<br \/>icon-lamp<br \/><img decoding=\"async\" src=\"https:\/\/alquileresautocaravanasvalencia.es\/wp-content\/uploads\/2021\/06\/ollas.png\" alt=\"ollas\" \/><br \/>top<\/p>\n<p>Protocolos Covid-19<br \/>icon<\/p>\n<p><img decoding=\"async\" src=\"https:\/\/alquileresautocaravanasvalencia.es\/wp-content\/uploads\/2021\/06\/ozono-2-2.png\" alt=\"ozono-2-2\" \/><br \/>Desinfecci\u00f3n despu\u00e9s de la recogida y antes de la entrega<br \/>fill<\/p>\n<p><img decoding=\"async\" src=\"https:\/\/alquileresautocaravanasvalencia.es\/wp-content\/uploads\/2021\/06\/limpieza-2-2.png\" alt=\"limpieza-2-2\" \/><br \/>Limpieza profunda del interior y exterior<br \/>fill<\/p>\n<p><img decoding=\"async\" src=\"https:\/\/alquileresautocaravanasvalencia.es\/wp-content\/uploads\/2021\/06\/entrega-segura.png\" alt=\"entrega segura\" \/><br \/>Entrega respetando las medidas de seguridad<br \/>fill<\/p>\n<p><img decoding=\"async\" src=\"https:\/\/alquileresautocaravanasvalencia.es\/wp-content\/uploads\/2021\/06\/canclacion-covid.png\" alt=\"canclacion covid\" \/><br \/>Pol\u00edtica de cancelaci\u00f3n por Covid-19 m\u00e1s flexible<br \/>fill<\/p>\n<p>Video promocional<br \/>icon<\/p>\n<p>_sQStlLBLtE<br \/>700<br \/>400<\/p>\n<p>Autocaravanas<br \/>icon<\/p>\n<p><img decoding=\"async\" src=\"https:\/\/alquileresautocaravanasvalencia.es\/wp-content\/uploads\/2021\/06\/1image823.png\" alt=\"1image823\" \/><\/p>\n<h3>Esa Capuchina es para toda la familia con mucho espacio y un garaje grande atr\u00e1s donde entran las bicis y dem\u00e1s cosas. Largo 6,77 mt, Altura 2,95 mt. Altura habit\u00e1culo de 1,98 mt. Tiene un precio bien agradable, especialmente para alquileres mas largos.<\/h3>\n<p>justify<br \/>no-repeat;left top;;<br \/>auto<\/p>\n<p>desde<br \/>50<br \/>\u20ac<br \/>Alquilar<br \/><a href=\"https:\/\/www.camperhureninspanje.nl\/es\/los-vehiculos\/hymer-644\">https:\/\/www.camperhureninspanje.nl\/es\/los-vehiculos\/hymer-644<\/a><br \/>box<\/p>\n<p><img decoding=\"async\" src=\"https:\/\/alquileresautocaravanasvalencia.es\/wp-content\/uploads\/2021\/06\/image83.png\" alt=\"image83\" \/><\/p>\n<h3>Furgoneta con dos camas de dos personas atr\u00e1s. Si viajan dos la segunda cama se desmonta. Las furgos son m\u00e1s compactas pero sin compromisos en el lujo que llevas. Con ducha, v\u00e1ter, cocina y nevera. Te permiten aparcar donde quieras. Largo 6 mt, alto 2,65.<\/h3>\n<p>justify<br \/>no-repeat;left top;;<br \/>auto<\/p>\n<p>desde<br \/>67<br \/>\u20ac<br \/>Alquilar<br \/><a href=\"https:\/\/www.camperhureninspanje.nl\/es\/los-vehiculos\/roller-team-livingstone-advance\">https:\/\/www.camperhureninspanje.nl\/es\/los-vehiculos\/roller-team-livingstone-advance<\/a><br \/>box<\/p>\n<p><img decoding=\"async\" src=\"https:\/\/alquileresautocaravanasvalencia.es\/wp-content\/uploads\/2021\/06\/img_20210322_190441-scaled.jpg\" alt=\"\" \/><\/p>\n<h3>Una capuchina para toda la familia. Duermen y viajan 6 personas comodamente. Doble comedor, 2 literas atras. Ducha y vater combinado. Ese veh\u00edculo est\u00e1 disponible para alquileres solo ida de Espa\u00f1a a Holanda o al rev\u00e8s.<\/h3>\n<p>justify<br \/>no-repeat;left top;;<br \/>auto<\/p>\n<p>desde<br \/>81<br \/>\u20ac<br \/>Alquilar<br \/><a href=\"https:\/\/www.camperhureninspanje.nl\/es\/los-vehiculos\/rimor-xgo-semi-integraal-met-centraal-queensbed-achterin\">https:\/\/www.camperhureninspanje.nl\/es\/los-vehiculos\/rimor-xgo-semi-integraal-met-centraal-queensbed-achterin<\/a><br \/>box<\/p>\n<p><img decoding=\"async\" src=\"https:\/\/alquileresautocaravanasvalencia.es\/wp-content\/uploads\/2021\/06\/2017-07-21_14-5443_ries.jpeg\" alt=\"2017-07-21_14-5443_ries\" \/><\/p>\n<h3>Una perfilada con una cama atr\u00e1s semi separada, super pr\u00e1ctica. Se convierte en una cama grande para tres. Vater y ducha lujosa, separadas. Cinco cinturones. Chassis de Ford con un fuerte motor de 130 CV. Largo 7,45, ancho 2,31, alto 2,90. Este vehiculo tambien est\u00e1 disponible para viajes de solo ida de Espa\u00f1a a Holanda o al rev\u00e8s.<\/h3>\n<p>justify<br \/>no-repeat;left top;;<br \/>auto<\/p>\n<p>desde<br \/>82<br \/>\u20ac<br \/>Alquilar<br \/><a href=\"https:\/\/www.camperhureninspanje.nl\/es\/los-vehiculos\/roller-team-semi-integraal\">https:\/\/www.camperhureninspanje.nl\/es\/los-vehiculos\/roller-team-semi-integraal<\/a><br \/>box<\/p>\n<p><img decoding=\"async\" src=\"https:\/\/alquileresautocaravanasvalencia.es\/wp-content\/uploads\/2021\/06\/img_2156.jpeg\" alt=\"img_2156\" \/><\/p>\n<h3>Una capuchina para toda la familia. Duermen y viajan 6 personas comodamente. Doble comedor, 2 literas atras. Ducha y vater combinado. Ese veh\u00edculo est\u00e1 disponible para alquileres solo ida de Espa\u00f1a a Holanda o al rev\u00e8s.<\/h3>\n<p>justify<br \/>no-repeat;left top;;<br \/>auto<\/p>\n<p>desde<br \/>82<br \/>\u20ac<br \/>Alquilar<br \/><a href=\"https:\/\/www.camperhureninspanje.nl\/es\/los-vehiculos\/roller-team-alkoof\">https:\/\/www.camperhureninspanje.nl\/es\/los-vehiculos\/roller-team-alkoof<\/a><br \/>box<\/p>\n<p>Contacto<br \/>icon<\/p>\n<p>no-repeat;left top;;<br \/>auto<\/p>\n<p>Alquiler de Autocaravanas en valencia<br \/>Vis\u00edtanos (Cita previa)<br \/>\n<br \/>Camino del Tiz\u00f3n s\/n<br \/>\n<br \/>Parking Caravan Valencia<br \/>\n<br \/>46409 Torrente (Valencia)<br \/>+34 617 850 063<br \/>gert@camperhureninspanje.nl<br \/>https:\/\/www.facebook.com\/camperhureninspanje.nl\/<\/p>\n<p>Valora tu experiencia<br \/><a href=\"https:\/\/supple.live\/VFPQohSHdhtyzfveA\" target=\"_blank\" rel=\"noopener\">En alquiler de Autocaravanas en Valencia valoramos mucho la satisfacci\u00f3n de nuestros clientes,\u00bfC\u00f3mo ha ido tu viaje?, \u00bfC\u00f3mo podemos mejorar?<\/a><br \/>icon<\/p>\n<p><img decoding=\"async\" src=\"https:\/\/alquileresautocaravanasvalencia.es\/wp-content\/uploads\/2021\/06\/create-qr-code-5-2.png\" alt=\"create-qr-code-5-2\" \/><br \/>thumbnail<br \/>center<\/p>\n","protected":false},"excerpt":{"rendered":"<p>\u00bfPor qu\u00e9 alquilar con nosotros?icon + 7 a\u00f1os de experienciah4icon-lamptop Empesa familiar y flexibleh4icon-lamptop Entrega los 365 d\u00edas del a\u00f1oh4icon-lamptop \u00a1Mejor precio garantizado!h4icon-lamptop Equipaci\u00f3n completa (opcional)h4icon-lamptop<span class=\"excerpt-hellip\"> [\u2026]<\/span><\/p>\n","protected":false},"author":1,"featured_media":0,"parent":0,"menu_order":0,"comment_status":"closed","ping_status":"open","template":"","meta":{"footnotes":""},"class_list":["post-2","page","type-page","status-publish","hentry"],"yoast_head":"<!-- This site is optimized with the Yoast SEO plugin v19.11 - https:\/\/yoast.com\/wordpress\/plugins\/seo\/ -->\n<title>Alquiler de autocaravanas - Alquileresautocaravanasvalencia.es<\/title>\n<meta name=\"description\" content=\"Alquiler de autocaravanas en Valencia al mejor precio, elige tu autocaravana y l\u00e1nzate a la aventura. \u00a1Mejor precio garantizado!\" \/>\n<meta name=\"robots\" content=\"index, follow, max-snippet:-1, max-image-preview:large, max-video-preview:-1\" \/>\n<link rel=\"canonical\" href=\"https:\/\/alquileresautocaravanasvalencia.es\/es\/\" \/>\n<meta property=\"og:locale\" content=\"es_ES\" \/>\n<meta property=\"og:type\" content=\"article\" \/>\n<meta property=\"og:title\" content=\"Alquiler de autocaravanas - Alquileresautocaravanasvalencia.es\" \/>\n<meta property=\"og:description\" content=\"Alquiler de autocaravanas en Valencia al mejor precio, elige tu autocaravana y l\u00e1nzate a la aventura. \u00a1Mejor precio garantizado!\" \/>\n<meta property=\"og:url\" content=\"https:\/\/alquileresautocaravanasvalencia.es\/es\/\" \/>\n<meta property=\"og:site_name\" content=\"Alquileresautocaravanasvalencia.es\" \/>\n<meta property=\"article:modified_time\" content=\"2026-04-04T08:47:13+00:00\" \/>\n<meta property=\"og:image\" content=\"https:\/\/alquileresautocaravanasvalencia.es\/wp-content\/uploads\/2021\/06\/medalla.png\" \/>\n<meta name=\"twitter:card\" content=\"summary_large_image\" \/>\n<meta name=\"twitter:label1\" content=\"Tiempo de lectura\" \/>\n\t<meta name=\"twitter:data1\" content=\"5 minutos\" \/>\n<script type=\"application\/ld+json\" class=\"yoast-schema-graph\">{\"@context\":\"https:\/\/schema.org\",\"@graph\":[{\"@type\":\"WebPage\",\"@id\":\"https:\/\/alquileresautocaravanasvalencia.es\/es\/\",\"url\":\"https:\/\/alquileresautocaravanasvalencia.es\/es\/\",\"name\":\"Alquiler de autocaravanas - Alquileresautocaravanasvalencia.es\",\"isPartOf\":{\"@id\":\"https:\/\/alquileresautocaravanasvalencia.es\/es\/#website\"},\"datePublished\":\"2016-05-10T03:48:21+00:00\",\"dateModified\":\"2026-04-04T08:47:13+00:00\",\"description\":\"Alquiler de autocaravanas en Valencia al mejor precio, elige tu autocaravana y l\u00e1nzate a la aventura. \u00a1Mejor precio garantizado!\",\"breadcrumb\":{\"@id\":\"https:\/\/alquileresautocaravanasvalencia.es\/es\/#breadcrumb\"},\"inLanguage\":\"es\",\"potentialAction\":[{\"@type\":\"ReadAction\",\"target\":[\"https:\/\/alquileresautocaravanasvalencia.es\/es\/\"]}]},{\"@type\":\"BreadcrumbList\",\"@id\":\"https:\/\/alquileresautocaravanasvalencia.es\/es\/#breadcrumb\",\"itemListElement\":[{\"@type\":\"ListItem\",\"position\":1,\"name\":\"Portada\",\"item\":\"https:\/\/alquileresautocaravanasvalencia.es\/es\/\"},{\"@type\":\"ListItem\",\"position\":2,\"name\":\"Alquiler de autocaravanas\"}]},{\"@type\":\"WebSite\",\"@id\":\"https:\/\/alquileresautocaravanasvalencia.es\/es\/#website\",\"url\":\"https:\/\/alquileresautocaravanasvalencia.es\/es\/\",\"name\":\"Alquileresautocaravanasvalencia.es\",\"description\":\"\u00a1Alquiler de autocaravanas al mejor precio!\",\"publisher\":{\"@id\":\"https:\/\/alquileresautocaravanasvalencia.es\/es\/#organization\"},\"potentialAction\":[{\"@type\":\"SearchAction\",\"target\":{\"@type\":\"EntryPoint\",\"urlTemplate\":\"https:\/\/alquileresautocaravanasvalencia.es\/es\/?s={search_term_string}\"},\"query-input\":\"required name=search_term_string\"}],\"inLanguage\":\"es\"},{\"@type\":\"Organization\",\"@id\":\"https:\/\/alquileresautocaravanasvalencia.es\/es\/#organization\",\"name\":\"Alquileres autocaravanas Valencia\",\"url\":\"https:\/\/alquileresautocaravanasvalencia.es\/es\/\",\"logo\":{\"@type\":\"ImageObject\",\"inLanguage\":\"es\",\"@id\":\"https:\/\/alquileresautocaravanasvalencia.es\/es\/#\/schema\/logo\/image\/\",\"url\":\"https:\/\/alquileresautocaravanasvalencia.es\/wp-content\/uploads\/2021\/06\/cropped-Logo_no_shadow_359x359-2-e1623339434568.png\",\"contentUrl\":\"https:\/\/alquileresautocaravanasvalencia.es\/wp-content\/uploads\/2021\/06\/cropped-Logo_no_shadow_359x359-2-e1623339434568.png\",\"width\":150,\"height\":150,\"caption\":\"Alquileres autocaravanas Valencia\"},\"image\":{\"@id\":\"https:\/\/alquileresautocaravanasvalencia.es\/es\/#\/schema\/logo\/image\/\"}}]}<\/script>\n<!-- \/ Yoast SEO plugin. -->","yoast_head_json":{"title":"Alquiler de autocaravanas - Alquileresautocaravanasvalencia.es","description":"Alquiler de autocaravanas en Valencia al mejor precio, elige tu autocaravana y l\u00e1nzate a la aventura. \u00a1Mejor precio garantizado!","robots":{"index":"index","follow":"follow","max-snippet":"max-snippet:-1","max-image-preview":"max-image-preview:large","max-video-preview":"max-video-preview:-1"},"canonical":"https:\/\/alquileresautocaravanasvalencia.es\/es\/","og_locale":"es_ES","og_type":"article","og_title":"Alquiler de autocaravanas - Alquileresautocaravanasvalencia.es","og_description":"Alquiler de autocaravanas en Valencia al mejor precio, elige tu autocaravana y l\u00e1nzate a la aventura. \u00a1Mejor precio garantizado!","og_url":"https:\/\/alquileresautocaravanasvalencia.es\/es\/","og_site_name":"Alquileresautocaravanasvalencia.es","article_modified_time":"2026-04-04T08:47:13+00:00","og_image":[{"url":"https:\/\/alquileresautocaravanasvalencia.es\/wp-content\/uploads\/2021\/06\/medalla.png"}],"twitter_card":"summary_large_image","twitter_misc":{"Tiempo de lectura":"5 minutos"},"schema":{"@context":"https:\/\/schema.org","@graph":[{"@type":"WebPage","@id":"https:\/\/alquileresautocaravanasvalencia.es\/es\/","url":"https:\/\/alquileresautocaravanasvalencia.es\/es\/","name":"Alquiler de autocaravanas - Alquileresautocaravanasvalencia.es","isPartOf":{"@id":"https:\/\/alquileresautocaravanasvalencia.es\/es\/#website"},"datePublished":"2016-05-10T03:48:21+00:00","dateModified":"2026-04-04T08:47:13+00:00","description":"Alquiler de autocaravanas en Valencia al mejor precio, elige tu autocaravana y l\u00e1nzate a la aventura. \u00a1Mejor precio garantizado!","breadcrumb":{"@id":"https:\/\/alquileresautocaravanasvalencia.es\/es\/#breadcrumb"},"inLanguage":"es","potentialAction":[{"@type":"ReadAction","target":["https:\/\/alquileresautocaravanasvalencia.es\/es\/"]}]},{"@type":"BreadcrumbList","@id":"https:\/\/alquileresautocaravanasvalencia.es\/es\/#breadcrumb","itemListElement":[{"@type":"ListItem","position":1,"name":"Portada","item":"https:\/\/alquileresautocaravanasvalencia.es\/es\/"},{"@type":"ListItem","position":2,"name":"Alquiler de autocaravanas"}]},{"@type":"WebSite","@id":"https:\/\/alquileresautocaravanasvalencia.es\/es\/#website","url":"https:\/\/alquileresautocaravanasvalencia.es\/es\/","name":"Alquileresautocaravanasvalencia.es","description":"\u00a1Alquiler de autocaravanas al mejor precio!","publisher":{"@id":"https:\/\/alquileresautocaravanasvalencia.es\/es\/#organization"},"potentialAction":[{"@type":"SearchAction","target":{"@type":"EntryPoint","urlTemplate":"https:\/\/alquileresautocaravanasvalencia.es\/es\/?s={search_term_string}"},"query-input":"required name=search_term_string"}],"inLanguage":"es"},{"@type":"Organization","@id":"https:\/\/alquileresautocaravanasvalencia.es\/es\/#organization","name":"Alquileres autocaravanas Valencia","url":"https:\/\/alquileresautocaravanasvalencia.es\/es\/","logo":{"@type":"ImageObject","inLanguage":"es","@id":"https:\/\/alquileresautocaravanasvalencia.es\/es\/#\/schema\/logo\/image\/","url":"https:\/\/alquileresautocaravanasvalencia.es\/wp-content\/uploads\/2021\/06\/cropped-Logo_no_shadow_359x359-2-e1623339434568.png","contentUrl":"https:\/\/alquileresautocaravanasvalencia.es\/wp-content\/uploads\/2021\/06\/cropped-Logo_no_shadow_359x359-2-e1623339434568.png","width":150,"height":150,"caption":"Alquileres autocaravanas Valencia"},"image":{"@id":"https:\/\/alquileresautocaravanasvalencia.es\/es\/#\/schema\/logo\/image\/"}}]}},"_links":{"self":[{"href":"https:\/\/alquileresautocaravanasvalencia.es\/es\/wp-json\/wp\/v2\/pages\/2\/"}],"collection":[{"href":"https:\/\/alquileresautocaravanasvalencia.es\/es\/wp-json\/wp\/v2\/pages\/"}],"about":[{"href":"https:\/\/alquileresautocaravanasvalencia.es\/es\/wp-json\/wp\/v2\/types\/page\/"}],"author":[{"embeddable":true,"href":"https:\/\/alquileresautocaravanasvalencia.es\/es\/wp-json\/wp\/v2\/users\/1\/"}],"replies":[{"embeddable":true,"href":"https:\/\/alquileresautocaravanasvalencia.es\/es\/wp-json\/wp\/v2\/comments\/?post=2"}],"version-history":[{"count":3,"href":"https:\/\/alquileresautocaravanasvalencia.es\/es\/wp-json\/wp\/v2\/pages\/2\/revisions\/"}],"predecessor-version":[{"id":41,"href":"https:\/\/alquileresautocaravanasvalencia.es\/es\/wp-json\/wp\/v2\/pages\/2\/revisions\/41\/"}],"wp:attachment":[{"href":"https:\/\/alquileresautocaravanasvalencia.es\/es\/wp-json\/wp\/v2\/media\/?parent=2"}],"curies":[{"name":"wp","href":"https:\/\/api.w.org\/{rel}","templated":true}]}}